{"id":151,"date":"2020-08-23T22:18:33","date_gmt":"2020-08-24T01:18:33","guid":{"rendered":"https:\/\/iglesiacatedralbariloche.com\/noticias\/?post_type=product&#038;p=151"},"modified":"2024-02-16T18:07:01","modified_gmt":"2024-02-16T21:07:01","slug":"donacion-de-500","status":"publish","type":"product","link":"https:\/\/iglesiacatedralbariloche.com\/noticias\/donaciones\/donacion-de-500\/","title":{"rendered":"Donaci\u00f3n a la Catedral de Bariloche"},"content":{"rendered":"<p>El pago se podr\u00e1 hacer OnLine, con todos los medios de pago a trav\u00e9s de Mercado Pago<\/p>\n","protected":false},"excerpt":{"rendered":"<p><em>Tu ayuda sirve para poder seguir sosteniendo los gastos en servicios y para ayudar a las familias de las pymes de limpieza y mantenimiento que trabajan con nosotros<\/em><\/p>\n<p>&nbsp;<\/p>\n","protected":false},"featured_media":696,"template":"","meta":{"_monsterinsights_skip_tracking":false,"_monsterinsights_sitenote_active":false,"_monsterinsights_sitenote_note":"","_monsterinsights_sitenote_category":0},"product_brand":[],"product_cat":[19],"product_tag":[],"class_list":{"0":"post-151","1":"product","2":"type-product","3":"status-publish","4":"has-post-thumbnail","6":"product_cat-donaciones","8":"first","9":"instock","10":"virtual","11":"sold-individually","12":"purchasable","13":"product-type-simple"},"_links":{"self":[{"href":"https:\/\/iglesiacatedralbariloche.com\/noticias\/wp-json\/wp\/v2\/product\/151","targetHints":{"allow":["GET"]}}],"collection":[{"href":"https:\/\/iglesiacatedralbariloche.com\/noticias\/wp-json\/wp\/v2\/product"}],"about":[{"href":"https:\/\/iglesiacatedralbariloche.com\/noticias\/wp-json\/wp\/v2\/types\/product"}],"wp:featuredmedia":[{"embeddable":true,"href":"https:\/\/iglesiacatedralbariloche.com\/noticias\/wp-json\/wp\/v2\/media\/696"}],"wp:attachment":[{"href":"https:\/\/iglesiacatedralbariloche.com\/noticias\/wp-json\/wp\/v2\/media?parent=151"}],"wp:term":[{"taxonomy":"product_brand","embeddable":true,"href":"https:\/\/iglesiacatedralbariloche.com\/noticias\/wp-json\/wp\/v2\/product_brand?post=151"},{"taxonomy":"product_cat","embeddable":true,"href":"https:\/\/iglesiacatedralbariloche.com\/noticias\/wp-json\/wp\/v2\/product_cat?post=151"},{"taxonomy":"product_tag","embeddable":true,"href":"https:\/\/iglesiacatedralbariloche.com\/noticias\/wp-json\/wp\/v2\/product_tag?post=151"}],"curies":[{"name":"wp","href":"https:\/\/api.w.org\/{rel}","templated":true}]}}